{"id":385,"date":"2019-11-27T21:02:16","date_gmt":"2019-11-27T21:02:16","guid":{"rendered":"https:\/\/www.molendester.nl\/?page_id=385"},"modified":"2019-11-27T21:07:46","modified_gmt":"2019-11-27T21:07:46","slug":"industrie-cultuur","status":"publish","type":"page","link":"https:\/\/www.molendester.nl\/?page_id=385","title":{"rendered":"Industrie Cultuur"},"content":{"rendered":"<p style=\"font-weight: 400;\">In West-M\u00fcnsterland en Oost-Nederland is het project EuregioNetwerk Industriecultuur gestart om industri\u00eble historie \u00e8n innovatie voor een breed publiek van bezoekers en regionale inwoners op de kaart te gaan zetten.<\/p>\n<p style=\"font-weight: 400;\">Bijna 200 spannende voorbeelden van industriecultuur worden in 2019 uitgenodigd om in het EuregioNetwerk Industriecultuur te gaan samenwerken. Denk daarbij aan industriemusea, textielfabrieken, ijzergieterijen, machinefabrieken of museumspoorwegen.<\/p>\n<p style=\"font-weight: 400;\">Grensoverschrijdende kansen voor samenwerking worden gegrepen: \u00e9\u00e9n netwerk, \u00e9\u00e9n website, \u00e9\u00e9n gidskaart, \u00e9\u00e9n educatief programma over de industriecultuur.<\/p>\n<p style=\"font-weight: 400;\">De realisatie van het EuregioNetwerk Industriecultuur wordt mogelijk dankzij Europese en regionale middelen, als bijdrage ter versterking van de Euregionale identiteit, de Euregionale economie, en\u00a0\u00a0grensoverschrijdende duurzame samenwerking.<\/p>\n<p>Klik op onderstaand logo voor meer informatie<\/p>\n<p><a title=\"INDUSTRIEcultuur\" href=\"https:\/\/www.industriewerk.eu\/\" target=\"_blank\" rel=\"noopener noreferrer\"><img loading=\"lazy\" decoding=\"async\" class=\"alignnone size-full wp-image-387\" src=\"https:\/\/www.molendester.nl\/wp-content\/uploads\/2019\/11\/Industriecultuurnl.png\" alt=\"Industrie Cultuur\" width=\"300\" height=\"197\" \/><\/a><\/p>\n","protected":false},"excerpt":{"rendered":"<p>In West-M\u00fcnsterland en Oost-Nederland is het project EuregioNetwerk Industriecultuur gestart om industri\u00eble historie \u00e8n innovatie voor een breed publiek van bezoekers en regionale inwoners op de kaart te gaan zetten. Bijna 200 spannende voorbeelden van industriecultuur worden in 2019 uitgenodigd om in het EuregioNetwerk Industriecultuur te gaan samenwerken. Denk daarbij aan industriemusea, textielfabrieken, ijzergieterijen, machinefabrieken &hellip; <\/p>\n<p class=\"link-more\"><a href=\"https:\/\/www.molendester.nl\/?page_id=385\" class=\"more-link\">Lees verder <span class=\"screen-reader-text\">&#8220;Industrie Cultuur&#8221;<\/span><\/a><\/p>\n","protected":false},"author":2,"featured_media":0,"parent":0,"menu_order":0,"comment_status":"closed","ping_status":"closed","template":"","meta":{"ngg_post_thumbnail":0,"footnotes":""},"class_list":["post-385","page","type-page","status-publish","hentry"],"_links":{"self":[{"href":"https:\/\/www.molendester.nl\/index.php?rest_route=\/wp\/v2\/pages\/385","targetHints":{"allow":["GET"]}}],"collection":[{"href":"https:\/\/www.molendester.nl\/index.php?rest_route=\/wp\/v2\/pages"}],"about":[{"href":"https:\/\/www.molendester.nl\/index.php?rest_route=\/wp\/v2\/types\/page"}],"author":[{"embeddable":true,"href":"https:\/\/www.molendester.nl\/index.php?rest_route=\/wp\/v2\/users\/2"}],"replies":[{"embeddable":true,"href":"https:\/\/www.molendester.nl\/index.php?rest_route=%2Fwp%2Fv2%2Fcomments&post=385"}],"version-history":[{"count":4,"href":"https:\/\/www.molendester.nl\/index.php?rest_route=\/wp\/v2\/pages\/385\/revisions"}],"predecessor-version":[{"id":1508,"href":"https:\/\/www.molendester.nl\/index.php?rest_route=\/wp\/v2\/pages\/385\/revisions\/1508"}],"wp:attachment":[{"href":"https:\/\/www.molendester.nl\/index.php?rest_route=%2Fwp%2Fv2%2Fmedia&parent=385"}],"curies":[{"name":"wp","href":"https:\/\/api.w.org\/{rel}","templated":true}]}}